{"id":17,"date":"2024-10-16T18:20:22","date_gmt":"2024-10-16T18:20:22","guid":{"rendered":"https:\/\/projetos.laizadreyer.com.br\/julianaestetica\/?page_id=17"},"modified":"2024-10-21T17:22:55","modified_gmt":"2024-10-21T17:22:55","slug":"contato","status":"publish","type":"page","link":"https:\/\/projetos.laizadreyer.com.br\/julianaestetica\/contato\/","title":{"rendered":"Contato"},"content":{"rendered":"\t\t<div data-elementor-type=\"wp-page\" data-elementor-id=\"17\" class=\"elementor elementor-17\">\n\t\t\t\t<div class=\"elementor-element elementor-element-2d1193b e-flex e-con-boxed e-con e-parent\" data-id=\"2d1193b\" data-element_type=\"container\" data-settings=\"{&quot;background_background&quot;:&quot;classic&quot;}\">\n\t\t\t\t\t<div class=\"e-con-inner\">\n\t\t\t\t<div class=\"elementor-element elementor-element-74beb16 elementor-widget elementor-widget-heading\" data-id=\"74beb16\" data-element_type=\"widget\" data-widget_type=\"heading.default\">\n\t\t\t\t<div class=\"elementor-widget-container\">\n\t\t\t\t\t<h2 class=\"elementor-heading-title elementor-size-default\">Contato<\/h2>\t\t\t\t<\/div>\n\t\t\t\t<\/div>\n\t\t\t\t\t<\/div>\n\t\t\t\t<\/div>\n\t\t<div class=\"elementor-element elementor-element-4cab49a e-flex e-con-boxed e-con e-parent\" data-id=\"4cab49a\" data-element_type=\"container\">\n\t\t\t\t\t<div class=\"e-con-inner\">\n\t\t<div class=\"elementor-element elementor-element-272262b e-con-full e-flex e-con e-child\" data-id=\"272262b\" data-element_type=\"container\" data-settings=\"{&quot;background_background&quot;:&quot;classic&quot;}\">\n\t\t<div class=\"elementor-element elementor-element-53a36c7 e-con-full e-flex e-con e-child\" data-id=\"53a36c7\" data-element_type=\"container\">\n\t\t\t\t<div class=\"elementor-element elementor-element-8706efe elementor-widget__width-inherit elementor-widget elementor-widget-heading\" data-id=\"8706efe\" data-element_type=\"widget\" data-widget_type=\"heading.default\">\n\t\t\t\t<div class=\"elementor-widget-container\">\n\t\t\t\t\t<h2 class=\"elementor-heading-title elementor-size-default\">Onde Estamos?<\/h2>\t\t\t\t<\/div>\n\t\t\t\t<\/div>\n\t\t\t\t<div class=\"elementor-element elementor-element-ba9c64d elementor-widget__width-initial elementor-widget elementor-widget-heading\" data-id=\"ba9c64d\" data-element_type=\"widget\" data-widget_type=\"heading.default\">\n\t\t\t\t<div class=\"elementor-widget-container\">\n\t\t\t\t\t<h2 class=\"elementor-heading-title elementor-size-default\">Entre em contato atrav\u00e9s do formul\u00e1rio ou venha nos fazer uma visita!<\/h2>\t\t\t\t<\/div>\n\t\t\t\t<\/div>\n\t\t\t\t<div class=\"elementor-element elementor-element-ab78792 elementor-position-left elementor-view-default elementor-mobile-position-top elementor-vertical-align-top elementor-widget elementor-widget-icon-box\" data-id=\"ab78792\" data-element_type=\"widget\" data-widget_type=\"icon-box.default\">\n\t\t\t\t<div class=\"elementor-widget-container\">\n\t\t\t\t\t\t\t<div class=\"elementor-icon-box-wrapper\">\n\n\t\t\t\t\t\t<div class=\"elementor-icon-box-icon\">\n\t\t\t\t<span  class=\"elementor-icon\">\n\t\t\t\t<svg xmlns=\"http:\/\/www.w3.org\/2000\/svg\" xmlns:xlink=\"http:\/\/www.w3.org\/1999\/xlink\" id=\"Capa_1\" x=\"0px\" y=\"0px\" viewBox=\"0 0 368.16 368.16\" style=\"enable-background:new 0 0 368.16 368.16;\" xml:space=\"preserve\"><g>\t<g>\t\t<g>\t\t\t<path d=\"M184.08,0c-74.992,0-136,61.008-136,136c0,24.688,11.072,51.24,11.536,52.36c3.576,8.488,10.632,21.672,15.72,29.4    l93.248,141.288c3.816,5.792,9.464,9.112,15.496,9.112s11.68-3.32,15.496-9.104l93.256-141.296    c5.096-7.728,12.144-20.912,15.72-29.4c0.464-1.112,11.528-27.664,11.528-52.36C320.08,61.008,259.072,0,184.08,0z     M293.8,182.152c-3.192,7.608-9.76,19.872-14.328,26.8l-93.256,141.296c-1.84,2.792-2.424,2.792-4.264,0L88.696,208.952    c-4.568-6.928-11.136-19.2-14.328-26.808C74.232,181.816,64.08,157.376,64.08,136c0-66.168,53.832-120,120-120    c66.168,0,120,53.832,120,120C304.08,157.408,293.904,181.912,293.8,182.152z\"><\/path>\t\t\t<path d=\"M184.08,64.008c-39.704,0-72,32.304-72,72c0,39.696,32.296,72,72,72c39.704,0,72-32.304,72-72    C256.08,96.312,223.784,64.008,184.08,64.008z M184.08,192.008c-30.872,0-56-25.12-56-56s25.128-56,56-56s56,25.12,56,56    S214.952,192.008,184.08,192.008z\"><\/path>\t\t<\/g>\t<\/g><\/g><g><\/g><g><\/g><g><\/g><g><\/g><g><\/g><g><\/g><g><\/g><g><\/g><g><\/g><g><\/g><g><\/g><g><\/g><g><\/g><g><\/g><g><\/g><\/svg>\t\t\t\t<\/span>\n\t\t\t<\/div>\n\t\t\t\n\t\t\t\t\t\t<div class=\"elementor-icon-box-content\">\n\n\t\t\t\t\n\t\t\t\t\t\t\t\t\t<p class=\"elementor-icon-box-description\">\n\t\t\t\t\t\tAv. Jo\u00e3o Naves de \u00c1vila, 1331 <br>\nTibery, Uberl\u00e2ndia - MG, 38408-902\t\t\t\t\t<\/p>\n\t\t\t\t\n\t\t\t<\/div>\n\t\t\t\n\t\t<\/div>\n\t\t\t\t\t\t<\/div>\n\t\t\t\t<\/div>\n\t\t\t\t<div class=\"elementor-element elementor-element-dd64b19 elementor-position-left elementor-vertical-align-middle elementor-view-default elementor-mobile-position-top elementor-widget elementor-widget-icon-box\" data-id=\"dd64b19\" data-element_type=\"widget\" data-widget_type=\"icon-box.default\">\n\t\t\t\t<div class=\"elementor-widget-container\">\n\t\t\t\t\t\t\t<div class=\"elementor-icon-box-wrapper\">\n\n\t\t\t\t\t\t<div class=\"elementor-icon-box-icon\">\n\t\t\t\t<span  class=\"elementor-icon\">\n\t\t\t\t<svg xmlns=\"http:\/\/www.w3.org\/2000\/svg\" id=\"Layer_1\" height=\"512\" viewBox=\"0 0 90 90\" width=\"512\"><g><path d=\"m32.991 24.801h46.908l-25.624 20.122c-.543.426-1.189.634-1.775.691-.59-.058-1.238-.266-1.787-.691l-18.312-14.385c-.194-.156-.413-.275-.654-.349.862-1.216 1.354-2.687 1.328-4.272-.005-.363-.037-.737-.084-1.116zm-11.929-12.941c.059.01.156.047.367.145.417.198 1.08.708 1.729 1.419 1.307 1.424 2.613 3.581 3.291 5.005.021.042.043.088.063.135 1.924 3.301 2.754 5.826 2.779 7.41.027 1.591-.4 2.276-1.749 3.051l-3.48 2.006c-2.267 1.305-3.338 3.644-3.604 5.826-.267 2.183.126 4.304 1.097 5.981l8.59 14.805c.973 1.676 2.634 3.078 4.665 3.939 2.033.863 4.604 1.107 6.871-.195l3.48-2.002c1.348-.773 2.163-.789 3.532.025 1.373.816 3.156 2.787 5.072 6.09.027.049.053.09.084.137.898 1.295 2.121 3.492 2.711 5.332.293.914.408 1.74.371 2.197-.041.459-.051.412-.172.484l-2.648 1.518c-6.652 2.885-12.749 2.234-18.198-.592-5.459-2.838-10.204-7.963-13.512-13.98-.011-.012-.016-.027-.025-.035l-7.246-12.488c-.012-.012-.017-.023-.027-.039-3.585-5.86-5.674-12.513-5.412-18.634.262-6.112 2.742-11.684 8.584-15.971l2.649-1.513c.061-.035.081-.062.138-.056zm.027-3.721c-.701-.011-1.416.136-2.059.509l-2.801 1.611c-.063.036-.121.073-.178.109-6.739 4.932-9.842 11.798-10.145 18.875-.303 7.074 2.059 14.375 5.961 20.758l7.222 12.445-.017-.037c3.605 6.551 8.771 12.234 15.084 15.508 6.316 3.279 13.84 4.039 21.504.697.063-.027.127-.057.184-.092l2.805-1.611c1.297-.738 1.949-2.174 2.055-3.428.109-1.25-.146-2.467-.533-3.666-.758-2.371-2.08-4.674-3.172-6.254-2.063-3.549-4.055-6.012-6.357-7.389-2.32-1.383-5.105-1.363-7.377-.057l-3.48 2.006c-1.028.592-2.23.523-3.495-.012-1.259-.535-2.425-1.605-2.858-2.355l-8.59-14.804c-.434-.754-.789-2.292-.621-3.648.162-1.352.711-2.411 1.74-3.004l3.381-1.944c.088.453.344.864.715 1.14l18.313 14.388c1.191.936 2.602 1.457 4.023 1.539.072.004.146.004.219 0 1.422-.082 2.826-.604 4.018-1.539l25.222-19.814v32.734c0 .498-.568 1.154-1.682 1.154h-17.461c-1.051-.006-1.902.842-1.902 1.887 0 1.043.852 1.891 1.902 1.885h17.461c2.854 0 5.477-2.063 5.477-4.926v-34.849c0-2.865-2.623-4.927-5.477-4.927h-48.218c-.534-1.335-1.239-2.75-2.127-4.288-.831-1.73-2.179-4.017-3.866-5.856-.852-.932-1.771-1.758-2.92-2.292v.005c-.571-.27-1.25-.443-1.95-.458z\"><\/path><\/g><\/svg>\t\t\t\t<\/span>\n\t\t\t<\/div>\n\t\t\t\n\t\t\t\t\t\t<div class=\"elementor-icon-box-content\">\n\n\t\t\t\t\t\t\t\t\t<h3 class=\"elementor-icon-box-title\">\n\t\t\t\t\t\t<span  >\n\t\t\t\t\t\t\tAtendimento das 08H \u00e0s 19H \t\t\t\t\t\t<\/span>\n\t\t\t\t\t<\/h3>\n\t\t\t\t\n\t\t\t\t\t\t\t\t\t<p class=\"elementor-icon-box-description\">\n\t\t\t\t\t\t(11) 98991-1121 <br>\ncontato@julianaestetica.com.br\n\n\t\t\t\t\t<\/p>\n\t\t\t\t\n\t\t\t<\/div>\n\t\t\t\n\t\t<\/div>\n\t\t\t\t\t\t<\/div>\n\t\t\t\t<\/div>\n\t\t\t\t<\/div>\n\t\t<div class=\"elementor-element elementor-element-376a4e8 e-con-full e-flex e-con e-child\" data-id=\"376a4e8\" data-element_type=\"container\">\n\t\t\t\t<div class=\"elementor-element elementor-element-fb599e2 elementor-widget__width-inherit elementor-widget elementor-widget-heading\" data-id=\"fb599e2\" data-element_type=\"widget\" data-widget_type=\"heading.default\">\n\t\t\t\t<div class=\"elementor-widget-container\">\n\t\t\t\t\t<h2 class=\"elementor-heading-title elementor-size-default\">Fale Conosco<\/h2>\t\t\t\t<\/div>\n\t\t\t\t<\/div>\n\t\t\t\t<div class=\"elementor-element elementor-element-1a1acda elementor-widget elementor-widget-metform\" data-id=\"1a1acda\" data-element_type=\"widget\" data-widget_type=\"metform.default\">\n\t\t\t\t<div class=\"elementor-widget-container\">\n\t\t\t\t\t<div id=\"mf-response-props-id-192\" data-previous-steps-style=\"\" data-editswitchopen=\"\" data-response_type=\"alert\" data-erroricon=\"fas fa-exclamation-triangle\" data-successicon=\"fas fa-check\" data-messageposition=\"top\" class=\"   mf-scroll-top-no\">\n\t\t<div class=\"formpicker_warper formpicker_warper_editable\" data-metform-formpicker-key=\"192\" >\n\t\t\t\t\n\t\t\t<div class=\"mf-widget-container\">\n\t\t\t\t\r\n\t\t<div\r\n\t\t\tid=\"metform-wrap-1a1acda-192\"\r\n\t\t\tclass=\"mf-form-wrapper\"\r\n\t\t\tdata-form-id=\"192\"\r\n\t\t\tdata-action=\"https:\/\/projetos.laizadreyer.com.br\/julianaestetica\/wp-json\/metform\/v1\/entries\/insert\/192\"\r\n\t\t\tdata-wp-nonce=\"94e321044d\"\r\n\t\t\tdata-form-nonce=\"08cd7fd015\"\r\n\t\t\tdata-quiz-summery = \"false\"\r\n\t\t\tdata-save-progress = \"false\"\r\n\t\t\tdata-form-type=\"general-form\"\r\n\t\t\tdata-stop-vertical-effect=\"\"\r\n\t\t\t><\/div>\r\n\r\n\r\n\t\t<!----------------------------- \r\n\t\t\t* controls_data : find the the props passed indie of data attribute\r\n\t\t\t* props.SubmitResponseMarkup : contains the markup of error or success message\r\n\t\t\t* https:\/\/developer.mozilla.org\/en-US\/docs\/Web\/JavaScript\/Reference\/Template_literals\r\n\t\t--------------------------- -->\r\n\r\n\t\t\t\t<script type=\"text\/mf\" class=\"mf-template\">\r\n\t\t\tfunction controls_data (value){\r\n\t\t\t\tlet currentWrapper = \"mf-response-props-id-192\";\r\n\t\t\t\tlet currentEl = document.getElementById(currentWrapper);\r\n\t\t\t\t\r\n\t\t\t\treturn currentEl ? currentEl.dataset[value] : false\r\n\t\t\t}\r\n\r\n\r\n\t\t\tlet is_edit_mode = '' ? true : false;\r\n\t\t\tlet message_position = controls_data('messageposition') || 'top';\r\n\r\n\t\t\t\r\n\t\t\tlet message_successIcon = controls_data('successicon') || '';\r\n\t\t\tlet message_errorIcon = controls_data('erroricon') || '';\r\n\t\t\tlet message_editSwitch = controls_data('editswitchopen') === 'yes' ? true : false;\r\n\t\t\tlet message_proClass = controls_data('editswitchopen') === 'yes' ? 'mf_pro_activated' : '';\r\n\t\t\t\r\n\t\t\tlet is_dummy_markup = is_edit_mode && message_editSwitch ? true : false;\r\n\r\n\t\t\t\r\n\t\t\treturn html`\r\n\t\t\t\t<form\r\n\t\t\t\t\tclassName=\"metform-form-content\"\r\n\t\t\t\t\tref=${parent.formContainerRef}\r\n\t\t\t\t\tonSubmit=${ validation.handleSubmit( parent.handleFormSubmit ) }\r\n\t\t\t\t\r\n\t\t\t\t\t>\r\n\t\t\t\r\n\t\t\t\r\n\t\t\t\t\t${is_dummy_markup ? message_position === 'top' ?  props.ResponseDummyMarkup(message_successIcon, message_proClass) : '' : ''}\r\n\t\t\t\t\t${is_dummy_markup ? ' ' :  message_position === 'top' ? props.SubmitResponseMarkup`${parent}${state}${message_successIcon}${message_errorIcon}${message_proClass}` : ''}\r\n\r\n\t\t\t\t\t<!--------------------------------------------------------\r\n\t\t\t\t\t*** IMPORTANT \/ DANGEROUS ***\r\n\t\t\t\t\t${html``} must be used as in immediate child of \"metform-form-main-wrapper\"\r\n\t\t\t\t\tclass otherwise multistep form will not run at all\r\n\t\t\t\t\t---------------------------------------------------------->\r\n\r\n\t\t\t\t\t<div className=\"metform-form-main-wrapper\" key=${'hide-form-after-submit'} ref=${parent.formRef}>\r\n\t\t\t\t\t${html`\r\n\t\t\t\t\t\t\t\t<div data-elementor-type=\"wp-post\" key=\"2\" data-elementor-id=\"192\" className=\"elementor elementor-192\">\n\t\t\t\t<div className=\"elementor-element elementor-element-8d26e14 e-con-full e-flex e-con e-parent\" data-id=\"8d26e14\" data-element_type=\"container\">\n\t\t\t\t<div className=\"elementor-element elementor-element-06f5939 elementor-widget__width-inherit elementor-widget elementor-widget-mf-text\" data-id=\"06f5939\" data-element_type=\"widget\" data-settings=\"{&quot;mf_input_name&quot;:&quot;Seu_nome_aqui&quot;}\" data-widget_type=\"mf-text.default\">\n\t\t\t\t<div className=\"elementor-widget-container\">\n\t\t\t\t\t\r\n\t\t<div className=\"mf-input-wrapper\">\r\n\t\t\t\r\n\t\t\t<input\r\n\t\t\t\ttype=\"text\"\r\n\t\t\t\tclassName=\"mf-input \"\r\n\t\t\t\tid=\"mf-input-text-06f5939\"\r\n\t\t\t\tname=\"Seu_nome_aqui\"\r\n\t\t\t\tplaceholder=\"${ parent.decodeEntities(`Seu nome completo`) } \"\r\n\t\t\t\t\t\t\t\t\tonInput=${parent.handleChange}\r\n\t\t\t\t\tonBlur=${parent.handleChange}\r\n\t\t\t\t\taria-invalid=${validation.errors['Seu_nome_aqui'] ? 'true' : 'false'}\r\n\t\t\t\t\tref=${el =>{\r\n\t\t\t\t\t\t\t\t\t\t\t\tparent.activateValidation({\"message\":\"This field is required.\",\"minLength\":1,\"maxLength\":\"\",\"type\":\"none\",\"required\":false,\"expression\":\"null\"}, el)\r\n\t\t\t\t\t}}\r\n\t\t\t\t\t\t\t\t\/>\r\n\r\n\t\t\t\t\t\t\t<${validation.ErrorMessage}\r\n\t\t\t\t\terrors=${validation.errors}\r\n\t\t\t\t\tname=\"Seu_nome_aqui\"\r\n\t\t\t\t\tas=${html`<span className=\"mf-error-message\"><\/span>`}\r\n\t\t\t\t\t\/>\r\n\t\t\t\r\n\t\t\t\t\t<\/div>\r\n\r\n\t\t\t\t\t\t<\/div>\n\t\t\t\t<\/div>\n\t\t\t\t<div className=\"elementor-element elementor-element-2edf405 elementor-widget__width-inherit elementor-widget elementor-widget-mf-email\" data-id=\"2edf405\" data-element_type=\"widget\" data-settings=\"{&quot;mf_input_name&quot;:&quot;mf-email&quot;}\" data-widget_type=\"mf-email.default\">\n\t\t\t\t<div className=\"elementor-widget-container\">\n\t\t\t\t\t\r\n\t\t<div className=\"mf-input-wrapper\">\r\n\t\t\t\r\n\t\t\t<input \r\n\t\t\t\ttype=\"email\" \r\n\t\t\t\t \r\n\t\t\t\tdefaultValue=\"\" \r\n\t\t\t\tclassName=\"mf-input \" \r\n\t\t\t\tid=\"mf-input-email-2edf405\" \r\n\t\t\t\tname=\"mf-email\" \r\n\t\t\t\tplaceholder=\"${ parent.decodeEntities(`Seu e-mail`) } \" \r\n\t\t\t\t \r\n\t\t\t\tonBlur=${parent.handleChange} onFocus=${parent.handleChange} aria-invalid=${validation.errors['mf-email'] ? 'true' : 'false' } \r\n\t\t\t\tref=${el=> parent.activateValidation({\"message\":\"This field is required.\",\"emailMessage\":\"Please enter a valid Email address\",\"minLength\":1,\"maxLength\":\"\",\"type\":\"none\",\"required\":false,\"expression\":\"null\"}, el)}\r\n\t\t\t\t\t\t\t\/>\r\n\r\n\t\t\t\t\t\t<${validation.ErrorMessage} \r\n\t\t\t\terrors=${validation.errors} \r\n\t\t\t\tname=\"mf-email\" \r\n\t\t\t\tas=${html`<span className=\"mf-error-message\"><\/span>`}\r\n\t\t\t\/>\r\n\t\t\t\r\n\t\t\t\t\t<\/div>\r\n\r\n\t\t\t\t<\/div>\n\t\t\t\t<\/div>\n\t\t\t\t<div className=\"elementor-element elementor-element-f8db958 elementor-widget__width-inherit elementor-widget elementor-widget-mf-number\" data-id=\"f8db958\" data-element_type=\"widget\" data-settings=\"{&quot;mf_input_name&quot;:&quot;mf-number&quot;}\" data-widget_type=\"mf-number.default\">\n\t\t\t\t<div className=\"elementor-widget-container\">\n\t\t\t\t\t\r\n\t\t<div className=\"mf-input-wrapper\">\r\n\t\t\t\r\n\t\t\t<input\r\n\t\t\t\ttype=\"number\"\r\n\t\t\t\tstep=\"any\"\r\n\t\t\t\tclassName=\"mf-input \"\r\n\t\t\t\tid=\"mf-input-mobile-f8db958\"\r\n\t\t\t\tname=\"mf-number\"\r\n\t\t\t\tplaceholder=\"${ parent.decodeEntities(`Seu n\u00famero`) } \"\r\n\t\t\t\t\t\t\t\t\tonInput=${parent.handleChange}\r\n\t\t\t\t\taria-invalid=${validation.errors['mf-number'] ? 'true' : 'false'}\r\n\t\t\t\t\tref=${el => parent.activateValidation({\"message\":\"This field is required.\",\"minLength\":1,\"maxLength\":\"\",\"type\":\"none\",\"required\":false,\"expression\":\"null\"}, el)}\r\n\t\t\t\t\t\t\t\t\/>\r\n\r\n\t\t\t\t\t\t\t<${validation.ErrorMessage}\r\n\t\t\t\t\terrors=${validation.errors}\r\n\t\t\t\t\tname=\"mf-number\"\r\n\t\t\t\t\tas=${html`<span className=\"mf-error-message\"><\/span>`}\r\n\t\t\t\t\t\/>\r\n\t\t\t\r\n\t\t\t\t\t<\/div>\r\n\r\n\t\t\t\t\t\t<\/div>\n\t\t\t\t<\/div>\n\t\t\t\t<div className=\"elementor-element elementor-element-6c0eaf9 elementor-widget__width-inherit elementor-widget elementor-widget-mf-multi-select\" data-id=\"6c0eaf9\" data-element_type=\"widget\" data-settings=\"{&quot;mf_input_name&quot;:&quot;mf-multi-select_994762&quot;,&quot;mf_input_list&quot;:[{&quot;label&quot;:&quot;Harmoniza\\u00e7\\u00e3o Facial&quot;,&quot;value&quot;:&quot;value-1&quot;,&quot;_id&quot;:&quot;802c5aa&quot;,&quot;mf_input_option_status&quot;:&quot;&quot;,&quot;mf_input_option_selected&quot;:&quot;&quot;},{&quot;label&quot;:&quot;Harmoniza\\u00e7\\u00e3o Corporal&quot;,&quot;value&quot;:&quot;value-2&quot;,&quot;_id&quot;:&quot;d191087&quot;,&quot;mf_input_option_status&quot;:&quot;&quot;,&quot;mf_input_option_selected&quot;:&quot;&quot;},{&quot;label&quot;:&quot;Tratamentos Faciais&quot;,&quot;value&quot;:&quot;value-3&quot;,&quot;_id&quot;:&quot;fbdfdb5&quot;,&quot;mf_input_option_status&quot;:&quot;&quot;,&quot;mf_input_option_selected&quot;:&quot;&quot;},{&quot;_id&quot;:&quot;a1d9fff&quot;,&quot;label&quot;:&quot;Ultrassom Microfocado&quot;,&quot;value&quot;:&quot;Input Value&quot;,&quot;mf_input_option_status&quot;:&quot;&quot;,&quot;mf_input_option_selected&quot;:&quot;&quot;},{&quot;_id&quot;:&quot;3336226&quot;,&quot;label&quot;:&quot;Outros&quot;,&quot;value&quot;:&quot;Input Value&quot;,&quot;mf_input_option_status&quot;:&quot;&quot;,&quot;mf_input_option_selected&quot;:&quot;&quot;}]}\" data-widget_type=\"mf-multi-select.default\">\n\t\t\t\t<div className=\"elementor-widget-container\">\n\t\t\t\t\t\r\n        \r\n\t\t<div className=\"mf-input-wrapper\">\r\n\t\t\t\r\n            <${props.Select}\r\n                isOptionDisabled=${option => option.mf_input_option_status === 'disabled'}\r\n                className=${\"mf-input mf-input-multiselect  \" + ( validation.errors['mf-multi-select_994762'] ? 'mf-invalid' : '' )}\r\n                classNamePrefix=\"mf_multiselect\"\r\n                value=${parent.getValue(\"mf-multi-select_994762\") && [{\"label\":\"Harmoniza\\u00e7\\u00e3o Facial\",\"value\":\"value-1\",\"_id\":\"802c5aa\",\"mf_input_option_status\":\"\",\"mf_input_option_selected\":\"\"},{\"label\":\"Harmoniza\\u00e7\\u00e3o Corporal\",\"value\":\"value-2\",\"_id\":\"d191087\",\"mf_input_option_status\":\"\",\"mf_input_option_selected\":\"\"},{\"label\":\"Tratamentos Faciais\",\"value\":\"value-3\",\"_id\":\"fbdfdb5\",\"mf_input_option_status\":\"\",\"mf_input_option_selected\":\"\"},{\"_id\":\"a1d9fff\",\"label\":\"Ultrassom Microfocado\",\"value\":\"Input Value\",\"mf_input_option_status\":\"\",\"mf_input_option_selected\":\"\"},{\"_id\":\"3336226\",\"label\":\"Outros\",\"value\":\"Input Value\",\"mf_input_option_status\":\"\",\"mf_input_option_selected\":\"\"}].filter(item => {\r\n                    if(parent.state.formData['mf-multi-select_994762'] && parent.state.formData['mf-multi-select_994762'].indexOf(item.value) != -1 ){\r\n                        return item;\r\n                    }\r\n                })}\r\n                name='mf-multi-select_994762'\r\n                placeholder=\"${ parent.decodeEntities(`Selecione a op\u00e7\u00e3o`) } \"\r\n                options=${[{\"label\":\"Harmoniza\\u00e7\\u00e3o Facial\",\"value\":\"value-1\",\"_id\":\"802c5aa\",\"mf_input_option_status\":\"\",\"mf_input_option_selected\":\"\"},{\"label\":\"Harmoniza\\u00e7\\u00e3o Corporal\",\"value\":\"value-2\",\"_id\":\"d191087\",\"mf_input_option_status\":\"\",\"mf_input_option_selected\":\"\"},{\"label\":\"Tratamentos Faciais\",\"value\":\"value-3\",\"_id\":\"fbdfdb5\",\"mf_input_option_status\":\"\",\"mf_input_option_selected\":\"\"},{\"_id\":\"a1d9fff\",\"label\":\"Ultrassom Microfocado\",\"value\":\"Input Value\",\"mf_input_option_status\":\"\",\"mf_input_option_selected\":\"\"},{\"_id\":\"3336226\",\"label\":\"Outros\",\"value\":\"Input Value\",\"mf_input_option_status\":\"\",\"mf_input_option_selected\":\"\"}]}\r\n                onChange=${(el) => {\r\n                    setValue(\"mf-multi-select_994762\", '');\r\n                    if(el != null){\r\n                        setValue(\"mf-multi-select_994762\", el, true);\r\n                    }\r\n                    parent.multiSelectChange(el, 'mf-multi-select_994762');\r\n                }}\r\n                ref=${() => {\r\n\t\t\t\t                    register({ name: \"mf-multi-select_994762\" }, parent.activateValidation({\"message\":\"This field is required.\",\"minLength\":1,\"maxLength\":\"\",\"type\":\"none\",\"required\":false}));\r\n                    if(parent.state?.submitted !== true){\r\n                        if ( parent.getValue(\"mf-multi-select_994762\") === '' && false ) {\r\n                            parent.setValue( 'mf-multi-select_994762', '[]');\r\n                            parent.multiSelectChange('[]', 'mf-multi-select_994762');\r\n                        }\r\n                    }\r\n                }}\r\n                isMulti\r\n            \/>\r\n            \r\n            \t\t\t\t<${validation.ErrorMessage}\r\n\t\t\t\t\terrors=${validation.errors}\r\n\t\t\t\t\tname=\"mf-multi-select_994762\"\r\n\t\t\t\t\tas=${html`<span className=\"mf-error-message\"><\/span>`}\r\n\t\t\t\t\t\/>\r\n\t\t\t\r\n\t\t\t            \r\n        <\/div>\r\n\r\n\t\t\r\n        \t\t\t\t<\/div>\n\t\t\t\t<\/div>\n\t\t\t\t<div className=\"elementor-element elementor-element-d2bbde1 elementor-widget__width-initial elementor-widget elementor-widget-mf-textarea\" data-id=\"d2bbde1\" data-element_type=\"widget\" data-settings=\"{&quot;mf_input_name&quot;:&quot;mf-textarea&quot;}\" data-widget_type=\"mf-textarea.default\">\n\t\t\t\t<div className=\"elementor-widget-container\">\n\t\t\t\t\t\r\n\t\t<div className=\"mf-input-wrapper\">\r\n\t\t\t\r\n\t\t\t<textarea className=\"mf-input mf-textarea \" id=\"mf-input-text-area-d2bbde1\"\r\n\t\t\t\tname=\"mf-textarea\" \r\n\t\t\t\tplaceholder=\"${ parent.decodeEntities(`Mensagem`) } \"\r\n\t\t\t\tcols=\"30\" rows=\"10\"\r\n\t\t\t\t\t\t\t\t\tonInput=${ parent.handleChange }\r\n\t\t\t\t\taria-invalid=${validation.errors['mf-textarea'] ? 'true' : 'false'}\r\n\t\t\t\t\tref=${ el => parent.activateValidation({\"message\":\"This field is required.\",\"minLength\":1,\"maxLength\":\"\",\"type\":\"none\",\"required\":false,\"expression\":\"null\"}, el)}\r\n\t\t\t\t\t\t\t\t><\/textarea>\r\n\r\n\t\t\t\t\t\t\t<${validation.ErrorMessage}\r\n\t\t\t\t\terrors=${validation.errors}\r\n\t\t\t\t\tname=\"mf-textarea\"\r\n\t\t\t\t\tas=${html`<span className=\"mf-error-message\"><\/span>`}\r\n\t\t\t\t\t\/>\r\n\t\t\t\t\t\t\t\t<\/div>\r\n\r\n\t\t\t\t\t\t<\/div>\n\t\t\t\t<\/div>\n\t\t\t\t<div className=\"elementor-element elementor-element-23e96a2 elementor-widget__width-inherit mf-btn--center elementor-widget elementor-widget-mf-button\" data-id=\"23e96a2\" data-element_type=\"widget\" data-widget_type=\"mf-button.default\">\n\t\t\t\t<div className=\"elementor-widget-container\">\n\t\t\t\t\t\t\t<div className=\"mf-btn-wraper \" data-mf-form-conditional-logic-requirement=\"\">\r\n\t\t\t\t\t\t\t<button type=\"submit\" className=\"metform-btn metform-submit-btn \" id=\"\">\r\n\t\t\t\t\t<span>${ parent.decodeEntities(`Enviar`) } <\/span>\r\n\t\t\t\t\t<svg aria-hidden=\"true\" className=\"e-font-icon-svg e-far-arrow-alt-circle-right\" viewBox=\"0 0 512 512\" xmlns=\"http:\/\/www.w3.org\/2000\/svg\"><path d=\"M504 256C504 119 393 8 256 8S8 119 8 256s111 248 248 248 248-111 248-248zm-448 0c0-110.5 89.5-200 200-200s200 89.5 200 200-89.5 200-200 200S56 366.5 56 256zm72 20v-40c0-6.6 5.4-12 12-12h116v-67c0-10.7 12.9-16 20.5-8.5l99 99c4.7 4.7 4.7 12.3 0 17l-99 99c-7.6 7.6-20.5 2.2-20.5-8.5v-67H140c-6.6 0-12-5.4-12-12z\"><\/path><\/svg>\t\t\t\t<\/button>\r\n\t\t\t        <\/div>\r\n        \t\t\t\t<\/div>\n\t\t\t\t<\/div>\n\t\t\t\t<\/div>\n\t\t\t\t<\/div>\n\t\t\t\t\t\t\t`}\r\n\t\t\t\t\t<\/div>\r\n\r\n\t\t\t\t\t${is_dummy_markup ? message_position === 'bottom' ? props.ResponseDummyMarkup(message_successIcon, message_proClass) : '' : ''}\r\n\t\t\t\t\t${is_dummy_markup ? ' ' : message_position === 'bottom' ? props.SubmitResponseMarkup`${parent}${state}${message_successIcon}${message_errorIcon}${message_proClass}` : ''}\r\n\t\t\t\t\r\n\t\t\t\t<\/form>\r\n\t\t\t`\r\n\t\t<\/script>\r\n\r\n\t\t\t\t\t<\/div>\n\t\t<\/div>\n\t\t<\/div>\t\t\t\t<\/div>\n\t\t\t\t<\/div>\n\t\t\t\t<\/div>\n\t\t\t\t<\/div>\n\t\t\t\t\t<\/div>\n\t\t\t\t<\/div>\n\t\t\t\t<\/div>\n\t\t","protected":false},"excerpt":{"rendered":"<p>Contato Onde Estamos? Entre em contato atrav\u00e9s do formul\u00e1rio ou venha nos fazer uma visita! Av. Jo\u00e3o Naves de \u00c1vila, 1331 Tibery, Uberl\u00e2ndia &#8211; MG, 38408-902 Atendimento das 08H \u00e0s 19H (11) 98991-1121 contato@julianaestetica.com.br Fale Conosco<\/p>\n","protected":false},"author":1,"featured_media":0,"parent":0,"menu_order":0,"comment_status":"closed","ping_status":"closed","template":"elementor_header_footer","meta":{"_joinchat":[],"footnotes":""},"class_list":["post-17","page","type-page","status-publish","hentry"],"_links":{"self":[{"href":"https:\/\/projetos.laizadreyer.com.br\/julianaestetica\/wp-json\/wp\/v2\/pages\/17"}],"collection":[{"href":"https:\/\/projetos.laizadreyer.com.br\/julianaestetica\/wp-json\/wp\/v2\/pages"}],"about":[{"href":"https:\/\/projetos.laizadreyer.com.br\/julianaestetica\/wp-json\/wp\/v2\/types\/page"}],"author":[{"embeddable":true,"href":"https:\/\/projetos.laizadreyer.com.br\/julianaestetica\/wp-json\/wp\/v2\/users\/1"}],"replies":[{"embeddable":true,"href":"https:\/\/projetos.laizadreyer.com.br\/julianaestetica\/wp-json\/wp\/v2\/comments?post=17"}],"version-history":[{"count":0,"href":"https:\/\/projetos.laizadreyer.com.br\/julianaestetica\/wp-json\/wp\/v2\/pages\/17\/revisions"}],"wp:attachment":[{"href":"https:\/\/projetos.laizadreyer.com.br\/julianaestetica\/wp-json\/wp\/v2\/media?parent=17"}],"curies":[{"name":"wp","href":"https:\/\/api.w.org\/{rel}","templated":true}]}}