{"id":13,"date":"2024-10-16T18:20:05","date_gmt":"2024-10-16T18:20:05","guid":{"rendered":"https:\/\/projetos.laizadreyer.com.br\/julianaestetica\/?page_id=13"},"modified":"2025-05-23T19:17:01","modified_gmt":"2025-05-23T19:17:01","slug":"nossa-equipe","status":"publish","type":"page","link":"https:\/\/projetos.laizadreyer.com.br\/julianaestetica\/nossa-equipe\/","title":{"rendered":"Nossa Equipe"},"content":{"rendered":"\t\t<div data-elementor-type=\"wp-page\" data-elementor-id=\"13\" class=\"elementor elementor-13\">\n\t\t\t\t<div class=\"elementor-element elementor-element-7c1f5f4 e-flex e-con-boxed e-con e-parent\" data-id=\"7c1f5f4\" data-element_type=\"container\" data-settings=\"{&quot;background_background&quot;:&quot;classic&quot;}\">\n\t\t\t\t\t<div class=\"e-con-inner\">\n\t\t\t\t<div class=\"elementor-element elementor-element-7ad7f79 elementor-widget elementor-widget-heading\" data-id=\"7ad7f79\" data-element_type=\"widget\" data-widget_type=\"heading.default\">\n\t\t\t\t<div class=\"elementor-widget-container\">\n\t\t\t\t\t<h2 class=\"elementor-heading-title elementor-size-default\">Nossa Equipe\u200b<\/h2>\t\t\t\t<\/div>\n\t\t\t\t<\/div>\n\t\t\t\t<div class=\"elementor-element elementor-element-f32971e elementor-widget-mobile__width-initial elementor-widget elementor-widget-heading\" data-id=\"f32971e\" data-element_type=\"widget\" data-widget_type=\"heading.default\">\n\t\t\t\t<div class=\"elementor-widget-container\">\n\t\t\t\t\t<h2 class=\"elementor-heading-title elementor-size-default\">Conhe\u00e7a a nossa equipe de especialistas em est\u00e9tica, unindo talentos para real\u00e7ar sua beleza.<\/h2>\t\t\t\t<\/div>\n\t\t\t\t<\/div>\n\t\t\t\t\t<\/div>\n\t\t\t\t<\/div>\n\t\t<div class=\"elementor-element elementor-element-b7073ee e-con-full e-flex e-con e-child\" data-id=\"b7073ee\" data-element_type=\"container\">\n\t\t\t\t<div class=\"elementor-element elementor-element-6b53fe8 elementor-position-top animated-slow elementor-position-top elementor-invisible elementor-widget elementor-widget-image-box\" data-id=\"6b53fe8\" data-element_type=\"widget\" data-settings=\"{&quot;_animation&quot;:&quot;fadeIn&quot;,&quot;_animation_delay&quot;:300}\" data-widget_type=\"image-box.default\">\n\t\t\t\t<div class=\"elementor-widget-container\">\n\t\t\t\t\t<div class=\"elementor-image-box-wrapper\"><figure class=\"elementor-image-box-img\"><img fetchpriority=\"high\" decoding=\"async\" width=\"400\" height=\"400\" src=\"https:\/\/projetos.laizadreyer.com.br\/julianaestetica\/wp-content\/uploads\/2024\/11\/Design-sem-nome-2.png\" class=\"attachment-full size-full wp-image-625\" alt=\"\" srcset=\"https:\/\/projetos.laizadreyer.com.br\/julianaestetica\/wp-content\/uploads\/2024\/11\/Design-sem-nome-2.png 400w, https:\/\/projetos.laizadreyer.com.br\/julianaestetica\/wp-content\/uploads\/2024\/11\/Design-sem-nome-2-300x300.png 300w, https:\/\/projetos.laizadreyer.com.br\/julianaestetica\/wp-content\/uploads\/2024\/11\/Design-sem-nome-2-150x150.png 150w\" sizes=\"(max-width: 400px) 100vw, 400px\" \/><\/figure><div class=\"elementor-image-box-content\"><h3 class=\"elementor-image-box-title\">Dra. Juliana<\/h3><p class=\"elementor-image-box-description\">Especialista em rejuvenescimento facial, oferece tratamentos est\u00e9ticos avan\u00e7ados com resultados naturais e seguros.<\/p><\/div><\/div>\t\t\t\t<\/div>\n\t\t\t\t<\/div>\n\t\t\t\t<div class=\"elementor-element elementor-element-74dea55 elementor-position-top animated-slow elementor-position-top elementor-invisible elementor-widget elementor-widget-image-box\" data-id=\"74dea55\" data-element_type=\"widget\" data-settings=\"{&quot;_animation&quot;:&quot;fadeIn&quot;,&quot;_animation_delay&quot;:300}\" data-widget_type=\"image-box.default\">\n\t\t\t\t<div class=\"elementor-widget-container\">\n\t\t\t\t\t<div class=\"elementor-image-box-wrapper\"><figure class=\"elementor-image-box-img\"><img decoding=\"async\" width=\"400\" height=\"400\" src=\"https:\/\/projetos.laizadreyer.com.br\/julianaestetica\/wp-content\/uploads\/2024\/10\/Design-sem-nome-97.png\" class=\"attachment-full size-full wp-image-265\" alt=\"\" srcset=\"https:\/\/projetos.laizadreyer.com.br\/julianaestetica\/wp-content\/uploads\/2024\/10\/Design-sem-nome-97.png 400w, https:\/\/projetos.laizadreyer.com.br\/julianaestetica\/wp-content\/uploads\/2024\/10\/Design-sem-nome-97-300x300.png 300w, https:\/\/projetos.laizadreyer.com.br\/julianaestetica\/wp-content\/uploads\/2024\/10\/Design-sem-nome-97-150x150.png 150w\" sizes=\"(max-width: 400px) 100vw, 400px\" \/><\/figure><div class=\"elementor-image-box-content\"><h3 class=\"elementor-image-box-title\">Dra. Andressa<\/h3><p class=\"elementor-image-box-description\">Esteticista farmac\u00eautica que combina ci\u00eancia e est\u00e9tica para oferecer solu\u00e7\u00f5es personalizadas em cuidados com a pele.<\/p><\/div><\/div>\t\t\t\t<\/div>\n\t\t\t\t<\/div>\n\t\t\t\t<div class=\"elementor-element elementor-element-6b6522e elementor-position-top animated-slow elementor-position-top elementor-invisible elementor-widget elementor-widget-image-box\" data-id=\"6b6522e\" data-element_type=\"widget\" data-settings=\"{&quot;_animation&quot;:&quot;fadeIn&quot;,&quot;_animation_delay&quot;:300}\" data-widget_type=\"image-box.default\">\n\t\t\t\t<div class=\"elementor-widget-container\">\n\t\t\t\t\t<div class=\"elementor-image-box-wrapper\"><figure class=\"elementor-image-box-img\"><img decoding=\"async\" width=\"400\" height=\"400\" src=\"https:\/\/projetos.laizadreyer.com.br\/julianaestetica\/wp-content\/uploads\/2024\/10\/Design-sem-nome-100.png\" class=\"attachment-full size-full wp-image-266\" alt=\"\" srcset=\"https:\/\/projetos.laizadreyer.com.br\/julianaestetica\/wp-content\/uploads\/2024\/10\/Design-sem-nome-100.png 400w, https:\/\/projetos.laizadreyer.com.br\/julianaestetica\/wp-content\/uploads\/2024\/10\/Design-sem-nome-100-300x300.png 300w, https:\/\/projetos.laizadreyer.com.br\/julianaestetica\/wp-content\/uploads\/2024\/10\/Design-sem-nome-100-150x150.png 150w\" sizes=\"(max-width: 400px) 100vw, 400px\" \/><\/figure><div class=\"elementor-image-box-content\"><h3 class=\"elementor-image-box-title\">Dr. Fernando<\/h3><p class=\"elementor-image-box-description\">Com expertise em cirurgia pl\u00e1stica, transforma vidas atrav\u00e9s de harmoniza\u00e7\u00e3o facial e corporal com precis\u00e3o e seguran\u00e7a.<\/p><\/div><\/div>\t\t\t\t<\/div>\n\t\t\t\t<\/div>\n\t\t\t\t<div class=\"elementor-element elementor-element-037b8e3 elementor-position-top animated-slow elementor-position-top elementor-invisible elementor-widget elementor-widget-image-box\" data-id=\"037b8e3\" data-element_type=\"widget\" data-settings=\"{&quot;_animation&quot;:&quot;fadeIn&quot;,&quot;_animation_delay&quot;:300}\" data-widget_type=\"image-box.default\">\n\t\t\t\t<div class=\"elementor-widget-container\">\n\t\t\t\t\t<div class=\"elementor-image-box-wrapper\"><figure class=\"elementor-image-box-img\"><img loading=\"lazy\" decoding=\"async\" width=\"400\" height=\"400\" src=\"https:\/\/projetos.laizadreyer.com.br\/julianaestetica\/wp-content\/uploads\/2024\/10\/Design-sem-nome-98.png\" class=\"attachment-full size-full wp-image-267\" alt=\"\" srcset=\"https:\/\/projetos.laizadreyer.com.br\/julianaestetica\/wp-content\/uploads\/2024\/10\/Design-sem-nome-98.png 400w, https:\/\/projetos.laizadreyer.com.br\/julianaestetica\/wp-content\/uploads\/2024\/10\/Design-sem-nome-98-300x300.png 300w, https:\/\/projetos.laizadreyer.com.br\/julianaestetica\/wp-content\/uploads\/2024\/10\/Design-sem-nome-98-150x150.png 150w\" sizes=\"(max-width: 400px) 100vw, 400px\" \/><\/figure><div class=\"elementor-image-box-content\"><h3 class=\"elementor-image-box-title\">Dra. Priscila<\/h3><p class=\"elementor-image-box-description\">T\u00e9cnica em est\u00e9tica, focada em cuidados da pele e tratamentos corporais que promovem bem-estar e autoestima.<\/p><\/div><\/div>\t\t\t\t<\/div>\n\t\t\t\t<\/div>\n\t\t\t\t<\/div>\n\t\t<div class=\"elementor-element elementor-element-49bd6e4 e-flex e-con-boxed e-con e-parent\" data-id=\"49bd6e4\" data-element_type=\"container\">\n\t\t\t\t\t<div class=\"e-con-inner\">\n\t\t\t\t<div class=\"elementor-element elementor-element-4acad47 elementor-align-center elementor-widget elementor-widget-button\" data-id=\"4acad47\" data-element_type=\"widget\" data-widget_type=\"button.default\">\n\t\t\t\t<div class=\"elementor-widget-container\">\n\t\t\t\t\t\t\t\t\t<div class=\"elementor-button-wrapper\">\n\t\t\t\t\t<a class=\"elementor-button elementor-button-link elementor-size-sm elementor-animation-grow\" href=\"https:\/\/w.app\/eIos35\">\n\t\t\t\t\t\t<span class=\"elementor-button-content-wrapper\">\n\t\t\t\t\t\t<span class=\"elementor-button-icon\">\n\t\t\t\t<svg aria-hidden=\"true\" class=\"e-font-icon-svg e-fab-whatsapp\" viewBox=\"0 0 448 512\" xmlns=\"http:\/\/www.w3.org\/2000\/svg\"><path d=\"M380.9 97.1C339 55.1 283.2 32 223.9 32c-122.4 0-222 99.6-222 222 0 39.1 10.2 77.3 29.6 111L0 480l117.7-30.9c32.4 17.7 68.9 27 106.1 27h.1c122.3 0 224.1-99.6 224.1-222 0-59.3-25.2-115-67.1-157zm-157 341.6c-33.2 0-65.7-8.9-94-25.7l-6.7-4-69.8 18.3L72 359.2l-4.4-7c-18.5-29.4-28.2-63.3-28.2-98.2 0-101.7 82.8-184.5 184.6-184.5 49.3 0 95.6 19.2 130.4 54.1 34.8 34.9 56.2 81.2 56.1 130.5 0 101.8-84.9 184.6-186.6 184.6zm101.2-138.2c-5.5-2.8-32.8-16.2-37.9-18-5.1-1.9-8.8-2.8-12.5 2.8-3.7 5.6-14.3 18-17.6 21.8-3.2 3.7-6.5 4.2-12 1.4-32.6-16.3-54-29.1-75.5-66-5.7-9.8 5.7-9.1 16.3-30.3 1.8-3.7.9-6.9-.5-9.7-1.4-2.8-12.5-30.1-17.1-41.2-4.5-10.8-9.1-9.3-12.5-9.5-3.2-.2-6.9-.2-10.6-.2-3.7 0-9.7 1.4-14.8 6.9-5.1 5.6-19.4 19-19.4 46.3 0 27.3 19.9 53.7 22.6 57.4 2.8 3.7 39.1 59.7 94.8 83.8 35.2 15.2 49 16.5 66.6 13.9 10.7-1.6 32.8-13.4 37.4-26.4 4.6-13 4.6-24.1 3.2-26.4-1.3-2.5-5-3.9-10.5-6.6z\"><\/path><\/svg>\t\t\t<\/span>\n\t\t\t\t\t\t\t\t\t<span class=\"elementor-button-text\">Agendar Consulta<\/span>\n\t\t\t\t\t<\/span>\n\t\t\t\t\t<\/a>\n\t\t\t\t<\/div>\n\t\t\t\t\t\t\t\t<\/div>\n\t\t\t\t<\/div>\n\t\t\t\t\t<\/div>\n\t\t\t\t<\/div>\n\t\t\t\t<\/div>\n\t\t","protected":false},"excerpt":{"rendered":"<p>Nossa Equipe\u200b Conhe\u00e7a a nossa equipe de especialistas em est\u00e9tica, unindo talentos para real\u00e7ar sua beleza. Dra. Juliana Especialista em rejuvenescimento facial, oferece tratamentos est\u00e9ticos avan\u00e7ados com resultados naturais e seguros. Dra. Andressa Esteticista farmac\u00eautica que combina ci\u00eancia e est\u00e9tica para oferecer solu\u00e7\u00f5es personalizadas em cuidados com a pele. Dr. Fernando Com expertise em cirurgia [&hellip;]<\/p>\n","protected":false},"author":1,"featured_media":0,"parent":0,"menu_order":0,"comment_status":"closed","ping_status":"closed","template":"elementor_header_footer","meta":{"_joinchat":[],"footnotes":""},"class_list":["post-13","page","type-page","status-publish","hentry"],"_links":{"self":[{"href":"https:\/\/projetos.laizadreyer.com.br\/julianaestetica\/wp-json\/wp\/v2\/pages\/13"}],"collection":[{"href":"https:\/\/projetos.laizadreyer.com.br\/julianaestetica\/wp-json\/wp\/v2\/pages"}],"about":[{"href":"https:\/\/projetos.laizadreyer.com.br\/julianaestetica\/wp-json\/wp\/v2\/types\/page"}],"author":[{"embeddable":true,"href":"https:\/\/projetos.laizadreyer.com.br\/julianaestetica\/wp-json\/wp\/v2\/users\/1"}],"replies":[{"embeddable":true,"href":"https:\/\/projetos.laizadreyer.com.br\/julianaestetica\/wp-json\/wp\/v2\/comments?post=13"}],"version-history":[{"count":3,"href":"https:\/\/projetos.laizadreyer.com.br\/julianaestetica\/wp-json\/wp\/v2\/pages\/13\/revisions"}],"predecessor-version":[{"id":646,"href":"https:\/\/projetos.laizadreyer.com.br\/julianaestetica\/wp-json\/wp\/v2\/pages\/13\/revisions\/646"}],"wp:attachment":[{"href":"https:\/\/projetos.laizadreyer.com.br\/julianaestetica\/wp-json\/wp\/v2\/media?parent=13"}],"curies":[{"name":"wp","href":"https:\/\/api.w.org\/{rel}","templated":true}]}}